{"id":40,"date":"2021-03-04T11:18:26","date_gmt":"2021-03-04T11:18:26","guid":{"rendered":"https:\/\/adnmbg.com\/?page_id=40"},"modified":"2021-04-12T12:37:07","modified_gmt":"2021-04-12T12:37:07","slug":"kritike","status":"publish","type":"page","link":"https:\/\/adnmbg.com\/en\/reviews\/","title":{"rendered":"Reviews"},"content":{"rendered":"<div data-elementor-type=\"wp-page\" data-elementor-id=\"40\" class=\"elementor elementor-40\" data-elementor-post-type=\"page\">\n\t\t\t\t\t\t<section class=\"ob-is-breaking-bad elementor-section elementor-top-section elementor-element elementor-element-588deb7 elementor-section-height-min-height elementor-section-boxed elementor-section-height-default elementor-section-items-middle\" data-id=\"588deb7\" data-element_type=\"section\" data-e-type=\"section\" data-settings=\"{&quot;background_background&quot;:&quot;classic&quot;,&quot;_ob_bbad_use_it&quot;:&quot;yes&quot;,&quot;_ob_bbad_sssic_use&quot;:&quot;no&quot;,&quot;_ob_glider_is_slider&quot;:&quot;no&quot;}\">\n\t\t\t\t\t\t<div class=\"elementor-container elementor-column-gap-default\">\n\t\t\t\t\t<div class=\"elementor-column elementor-col-100 elementor-top-column elementor-element elementor-element-f84e8bd\" data-id=\"f84e8bd\" data-element_type=\"column\" data-e-type=\"column\" data-settings=\"{&quot;_ob_bbad_is_stalker&quot;:&quot;no&quot;,&quot;_ob_teleporter_use&quot;:false,&quot;_ob_column_hoveranimator&quot;:&quot;no&quot;,&quot;_ob_column_has_pseudo&quot;:&quot;no&quot;}\">\n\t\t\t<div class=\"elementor-widget-wrap\">\n\t\t\t\t\t\t\t<\/div>\n\t\t<\/div>\n\t\t\t\t\t<\/div>\n\t\t<\/section>\n\t\t\t\t<section class=\"ob-is-breaking-bad elementor-section elementor-top-section elementor-element elementor-element-a514408 elementor-section-boxed elementor-section-height-default elementor-section-height-default\" data-id=\"a514408\" data-element_type=\"section\" data-e-type=\"section\" data-settings=\"{&quot;_ob_bbad_use_it&quot;:&quot;yes&quot;,&quot;_ob_bbad_sssic_use&quot;:&quot;no&quot;,&quot;_ob_glider_is_slider&quot;:&quot;no&quot;}\">\n\t\t\t\t\t\t<div class=\"elementor-container elementor-column-gap-default\">\n\t\t\t\t\t<div class=\"elementor-column elementor-col-100 elementor-top-column elementor-element elementor-element-6494001\" data-id=\"6494001\" data-element_type=\"column\" data-e-type=\"column\" data-settings=\"{&quot;_ob_bbad_is_stalker&quot;:&quot;no&quot;,&quot;_ob_teleporter_use&quot;:false,&quot;_ob_column_hoveranimator&quot;:&quot;no&quot;,&quot;_ob_column_has_pseudo&quot;:&quot;no&quot;}\">\n\t\t\t<div class=\"elementor-widget-wrap elementor-element-populated\">\n\t\t\t\t\t\t<div class=\"elementor-element elementor-element-2213d9d ob-harakiri-inherit ob-has-background-overlay elementor-widget elementor-widget-heading\" data-id=\"2213d9d\" data-element_type=\"widget\" data-e-type=\"widget\" data-settings=\"{&quot;_ob_use_harakiri&quot;:&quot;yes&quot;,&quot;_ob_harakiri_writing_mode&quot;:&quot;inherit&quot;,&quot;_ob_harakiri_text_clip&quot;:&quot;none&quot;,&quot;_ob_perspektive_use&quot;:&quot;no&quot;,&quot;_ob_poopart_use&quot;:&quot;yes&quot;,&quot;_ob_shadough_use&quot;:&quot;no&quot;,&quot;_ob_allow_hoveranimator&quot;:&quot;no&quot;,&quot;_ob_widget_stalker_use&quot;:&quot;no&quot;}\" data-widget_type=\"heading.default\">\n\t\t\t\t<div class=\"elementor-widget-container\">\n\t\t\t\t\t<h2 class=\"elementor-heading-title elementor-size-default\">Reviews<\/h2>\t\t\t\t<\/div>\n\t\t\t\t<\/div>\n\t\t\t\t<div class=\"elementor-element elementor-element-73d9817 ob-harakiri-inherit ob-has-background-overlay elementor-widget elementor-widget-text-editor\" data-id=\"73d9817\" data-element_type=\"widget\" data-e-type=\"widget\" data-settings=\"{&quot;_ob_use_harakiri&quot;:&quot;yes&quot;,&quot;_ob_harakiri_writing_mode&quot;:&quot;inherit&quot;,&quot;_ob_postman_use&quot;:&quot;no&quot;,&quot;_ob_perspektive_use&quot;:&quot;no&quot;,&quot;_ob_poopart_use&quot;:&quot;yes&quot;,&quot;_ob_shadough_use&quot;:&quot;no&quot;,&quot;_ob_allow_hoveranimator&quot;:&quot;no&quot;,&quot;_ob_widget_stalker_use&quot;:&quot;no&quot;}\" data-widget_type=\"text-editor.default\">\n\t\t\t\t<div class=\"elementor-widget-container\">\n\t\t\t\t\t\t\t\t\t<p class=\"translation-block\">\u2026 After a long break, <em>Ensemble for Different New Music<\/em> has returned to stage in 2017, this time joined by young composers and pianists (Andrej Negi\u0107 and Dimitrije Beljanski are also participants in the Piano Sky). This revival was an ingenious way to join the 1970s and 80s with the 21st Century. The Ensemble is a school, an orchestra, a hippie commune, a source of enthusiasm and a pure joy of playing, all of this at the same time. We who love music are all incredibly happy that these wonderful people exist and play.<\/p><p>Ivan Lon\u010darevi\u0107, 2020.<\/p><p class=\"translation-block\">\u2026 Titled as <em>Serbian Minimalists<\/em>, the program included the works by composers of different generations whose work is using repetition as a central formal device. This, however, included completely different creative sensibilities: from strict, mechanical sound; and minimalist scheme of the rhythmical component of the work; to pieces with vocal elements; and to melodically monotonous, but with layered timbres of musical structures of almost orchestral proportions.<\/p><p>... At the same time, always between pieces, we listened to a short and vivid story about the composition that will follow.<\/p><p class=\"translation-block\">Nata\u0161a Tasi\u0107, Ni\u0161 Music Festival, Serbia, 2019<\/p><p class=\"translation-block\">...  this simultaneous concert of two very different groups (with only one thing in common \u2013 tendency toward music minimalism) reverberate even more. While <strong>Michael Nyman<\/strong> with his band is successfully exploring a number of melodic models of the past and present \u2013 from Mozart to Rock - <strong>Milo\u0161 Rai\u010dkovi\u0107<\/strong> and the <strong>Ensemble for Different New Music<\/strong>, of the Students\u2019 Cultural Centre from Belgrade, are ascetically meditating on vibraphone and similar instruments, almost enforcing a listening relaxation after the penetrating pulsations of Nyman\u2019s instruments.<\/p><p>Music Biennale Zagreb, Croatia<br \/>Jagoda Martin\u010devi\u0107-Lipov\u010dan, 1979<\/p>\t\t\t\t\t\t\t\t<\/div>\n\t\t\t\t<\/div>\n\t\t\t\t<section class=\"ob-is-breaking-bad ob-bb-inner elementor-section elementor-inner-section elementor-element elementor-element-3697f9d elementor-section-boxed elementor-section-height-default elementor-section-height-default\" data-id=\"3697f9d\" data-element_type=\"section\" data-e-type=\"section\" data-settings=\"{&quot;_ob_bbad_use_it&quot;:&quot;yes&quot;,&quot;_ob_bbad_sssic_use&quot;:&quot;no&quot;,&quot;_ob_glider_is_slider&quot;:&quot;no&quot;}\">\n\t\t\t\t\t\t<div class=\"elementor-container elementor-column-gap-default\">\n\t\t\t\t\t<div class=\"elementor-column elementor-col-100 elementor-inner-column elementor-element elementor-element-05355b3\" data-id=\"05355b3\" data-element_type=\"column\" data-e-type=\"column\" data-settings=\"{&quot;_ob_bbad_is_stalker&quot;:&quot;no&quot;,&quot;_ob_teleporter_use&quot;:false,&quot;_ob_column_hoveranimator&quot;:&quot;no&quot;,&quot;_ob_column_has_pseudo&quot;:&quot;no&quot;}\">\n\t\t\t<div class=\"elementor-widget-wrap elementor-element-populated\">\n\t\t\t\t\t\t<div class=\"elementor-element elementor-element-2edf844 ob-harakiri-inherit ob-has-background-overlay elementor-widget elementor-widget-text-editor\" data-id=\"2edf844\" data-element_type=\"widget\" data-e-type=\"widget\" data-settings=\"{&quot;_ob_use_harakiri&quot;:&quot;yes&quot;,&quot;_ob_harakiri_writing_mode&quot;:&quot;inherit&quot;,&quot;_ob_postman_use&quot;:&quot;no&quot;,&quot;_ob_perspektive_use&quot;:&quot;no&quot;,&quot;_ob_poopart_use&quot;:&quot;yes&quot;,&quot;_ob_shadough_use&quot;:&quot;no&quot;,&quot;_ob_allow_hoveranimator&quot;:&quot;no&quot;,&quot;_ob_widget_stalker_use&quot;:&quot;no&quot;}\" data-widget_type=\"text-editor.default\">\n\t\t\t\t<div class=\"elementor-widget-container\">\n\t\t\t\t\t\t\t\t\t<p>... Twelve performers on six keyboards, a vibraphone and a marimba, have created soundscapes that enchanted the audience with hypnotic elegance as well as with refinement of musical forms.<\/p><p>... A great applause to the ensemble that performed on the highest level, making it possible that a creative wealth of this musical style comes to full fruition.<\/p>\t\t\t\t\t\t\t\t<\/div>\n\t\t\t\t<\/div>\n\t\t\t\t\t<\/div>\n\t\t<\/div>\n\t\t\t\t\t<\/div>\n\t\t<\/section>\n\t\t\t\t<section class=\"ob-is-breaking-bad ob-bb-inner elementor-section elementor-inner-section elementor-element elementor-element-c52dc62 elementor-section-boxed elementor-section-height-default elementor-section-height-default\" data-id=\"c52dc62\" data-element_type=\"section\" data-e-type=\"section\" data-settings=\"{&quot;_ob_bbad_use_it&quot;:&quot;yes&quot;,&quot;_ob_bbad_sssic_use&quot;:&quot;no&quot;,&quot;_ob_glider_is_slider&quot;:&quot;no&quot;}\">\n\t\t\t\t\t\t<div class=\"elementor-container elementor-column-gap-default\">\n\t\t\t\t\t<div class=\"elementor-column elementor-col-50 elementor-inner-column elementor-element elementor-element-72e9833\" data-id=\"72e9833\" data-element_type=\"column\" data-e-type=\"column\" data-settings=\"{&quot;_ob_bbad_is_stalker&quot;:&quot;no&quot;,&quot;_ob_teleporter_use&quot;:false,&quot;_ob_column_hoveranimator&quot;:&quot;no&quot;,&quot;_ob_column_has_pseudo&quot;:&quot;no&quot;}\">\n\t\t\t<div class=\"elementor-widget-wrap elementor-element-populated\">\n\t\t\t\t\t\t<div class=\"elementor-element elementor-element-e5602c7 ob-has-background-overlay elementor-widget elementor-widget-image\" data-id=\"e5602c7\" data-element_type=\"widget\" data-e-type=\"widget\" data-settings=\"{&quot;_ob_photomorph_use&quot;:&quot;no&quot;,&quot;_ob_perspektive_use&quot;:&quot;no&quot;,&quot;_ob_poopart_use&quot;:&quot;yes&quot;,&quot;_ob_shadough_use&quot;:&quot;no&quot;,&quot;_ob_allow_hoveranimator&quot;:&quot;no&quot;,&quot;_ob_widget_stalker_use&quot;:&quot;no&quot;}\" data-widget_type=\"image.default\">\n\t\t\t\t<div class=\"elementor-widget-container\">\n\t\t\t\t\t\t\t\t\t\t\t\t\t\t\t<img fetchpriority=\"high\" decoding=\"async\" width=\"560\" height=\"700\" src=\"https:\/\/adnmbg.com\/wp-content\/uploads\/2021\/03\/slika-2.jpg\" class=\"attachment-full size-full wp-image-520\" alt=\"\" srcset=\"https:\/\/adnmbg.com\/wp-content\/uploads\/2021\/03\/slika-2.jpg 560w, https:\/\/adnmbg.com\/wp-content\/uploads\/2021\/03\/slika-2-240x300.jpg 240w\" sizes=\"(max-width: 560px) 100vw, 560px\" \/>\t\t\t\t\t\t\t\t\t\t\t\t\t\t\t<\/div>\n\t\t\t\t<\/div>\n\t\t\t\t\t<\/div>\n\t\t<\/div>\n\t\t\t\t<div class=\"elementor-column elementor-col-50 elementor-inner-column elementor-element elementor-element-aeade63\" data-id=\"aeade63\" data-element_type=\"column\" data-e-type=\"column\" data-settings=\"{&quot;_ob_bbad_is_stalker&quot;:&quot;no&quot;,&quot;_ob_teleporter_use&quot;:false,&quot;_ob_column_hoveranimator&quot;:&quot;no&quot;,&quot;_ob_column_has_pseudo&quot;:&quot;no&quot;}\">\n\t\t\t<div class=\"elementor-widget-wrap elementor-element-populated\">\n\t\t\t\t\t\t<div class=\"elementor-element elementor-element-b4a326a ob-harakiri-inherit ob-has-background-overlay elementor-widget elementor-widget-text-editor\" data-id=\"b4a326a\" data-element_type=\"widget\" data-e-type=\"widget\" data-settings=\"{&quot;_ob_use_harakiri&quot;:&quot;yes&quot;,&quot;_ob_harakiri_writing_mode&quot;:&quot;inherit&quot;,&quot;_ob_postman_use&quot;:&quot;no&quot;,&quot;_ob_perspektive_use&quot;:&quot;no&quot;,&quot;_ob_poopart_use&quot;:&quot;yes&quot;,&quot;_ob_shadough_use&quot;:&quot;no&quot;,&quot;_ob_allow_hoveranimator&quot;:&quot;no&quot;,&quot;_ob_widget_stalker_use&quot;:&quot;no&quot;}\" data-widget_type=\"text-editor.default\">\n\t\t\t\t<div class=\"elementor-widget-container\">\n\t\t\t\t\t\t\t\t\tAndreas K\u00f6the, International Festival of Minimal Music, Kassel, 2019\t\t\t\t\t\t\t\t<\/div>\n\t\t\t\t<\/div>\n\t\t\t\t<div class=\"elementor-element elementor-element-2a26cfc ob-has-background-overlay elementor-widget elementor-widget-spacer\" data-id=\"2a26cfc\" data-element_type=\"widget\" data-e-type=\"widget\" data-settings=\"{&quot;_ob_spacerat_use&quot;:&quot;no&quot;,&quot;_ob_perspektive_use&quot;:&quot;no&quot;,&quot;_ob_poopart_use&quot;:&quot;yes&quot;,&quot;_ob_shadough_use&quot;:&quot;no&quot;,&quot;_ob_allow_hoveranimator&quot;:&quot;no&quot;,&quot;_ob_widget_stalker_use&quot;:&quot;no&quot;}\" data-widget_type=\"spacer.default\">\n\t\t\t\t<div class=\"elementor-widget-container\">\n\t\t\t\t\t\t\t<div class=\"elementor-spacer\">\n\t\t\t<div class=\"elementor-spacer-inner\"><\/div>\n\t\t<\/div>\n\t\t\t\t\t\t<\/div>\n\t\t\t\t<\/div>\n\t\t\t\t<div class=\"elementor-element elementor-element-a8c5d68 ob-has-background-overlay elementor-widget elementor-widget-image\" data-id=\"a8c5d68\" data-element_type=\"widget\" data-e-type=\"widget\" data-settings=\"{&quot;_ob_photomorph_use&quot;:&quot;no&quot;,&quot;_ob_perspektive_use&quot;:&quot;no&quot;,&quot;_ob_poopart_use&quot;:&quot;yes&quot;,&quot;_ob_shadough_use&quot;:&quot;no&quot;,&quot;_ob_allow_hoveranimator&quot;:&quot;no&quot;,&quot;_ob_widget_stalker_use&quot;:&quot;no&quot;}\" data-widget_type=\"image.default\">\n\t\t\t\t<div class=\"elementor-widget-container\">\n\t\t\t\t\t\t\t\t\t\t\t\t\t\t\t<img decoding=\"async\" width=\"500\" height=\"283\" src=\"https:\/\/adnmbg.com\/wp-content\/uploads\/2021\/03\/slika-1-1.jpg\" class=\"attachment-full size-full wp-image-521\" alt=\"\" srcset=\"https:\/\/adnmbg.com\/wp-content\/uploads\/2021\/03\/slika-1-1.jpg 500w, https:\/\/adnmbg.com\/wp-content\/uploads\/2021\/03\/slika-1-1-300x170.jpg 300w\" sizes=\"(max-width: 500px) 100vw, 500px\" \/>\t\t\t\t\t\t\t\t\t\t\t\t\t\t\t<\/div>\n\t\t\t\t<\/div>\n\t\t\t\t\t<\/div>\n\t\t<\/div>\n\t\t\t\t\t<\/div>\n\t\t<\/section>\n\t\t\t\t<div class=\"elementor-element elementor-element-fe076ff ob-harakiri-inherit ob-has-background-overlay elementor-widget elementor-widget-text-editor\" data-id=\"fe076ff\" data-element_type=\"widget\" data-e-type=\"widget\" data-settings=\"{&quot;_ob_use_harakiri&quot;:&quot;yes&quot;,&quot;_ob_harakiri_writing_mode&quot;:&quot;inherit&quot;,&quot;_ob_postman_use&quot;:&quot;no&quot;,&quot;_ob_perspektive_use&quot;:&quot;no&quot;,&quot;_ob_poopart_use&quot;:&quot;yes&quot;,&quot;_ob_shadough_use&quot;:&quot;no&quot;,&quot;_ob_allow_hoveranimator&quot;:&quot;no&quot;,&quot;_ob_widget_stalker_use&quot;:&quot;no&quot;}\" data-widget_type=\"text-editor.default\">\n\t\t\t\t<div class=\"elementor-widget-container\">\n\t\t\t\t\t\t\t\t\t<p class=\"translation-block\">\u2026A fascinating concert marked the 40<sup>th<\/sup> anniversary of the <em>Ensemble for Different New Music<\/em>. More than ten pianists on pianos, electric and electronic pianos, seated by two, even by three on each keyboard, performed works by Miroslav Savi\u0107 (a premiere of <em>Euler Chord - Shepard Tones<\/em> and <em>ABC Music<\/em> from 1980) and Milo\u0161 Rai\u010dkovi\u0107 (<em>Waiting for C-A-G-E<\/em> from 2012 and <em>Water Tones<\/em> from 1977). A concert hall fully packed with old and new fans greeted the return and revitalization of the <em>Ensemble for Different New Music<\/em> - as well the presentation of a new CD by Savi\u0107, with ovations and long aplauses.<\/p><p>Zorica Premate, Politika, Belgrade, 2018<\/p><p class=\"translation-block\">\u2026The program range of the concert given in Novi Sad by the <em>Ensemble for Different New Music<\/em> included early works from 1970s as well as new compositions written over the past two years. This was an exciting presentation of the stylistic and expressive development of what we can call <b>The Belgrade School of Minimalism<\/b>. This School is today, as well as during its beginnings, totally an equal to - and in close touch and resonance with - the dominant manifestations of this musical movement worldwide.<\/p><p>B. Hlo\u017ean, Dnevnik, 2018<\/p>\t\t\t\t\t\t\t\t<\/div>\n\t\t\t\t<\/div>\n\t\t\t\t\t<\/div>\n\t\t<\/div>\n\t\t\t\t\t<\/div>\n\t\t<\/section>\n\t\t\t\t<\/div>","protected":false},"excerpt":{"rendered":"<p>\u2026 Posle duge pauze vratili su se na scenu 2017. godine, priklju\u010dili mlade kompozitore i pijaniste da budu deo njihove ekipe (Andrej Negi\u0107 i Dimitrije Beljanski su \u010dlanovi Ansambla i u\u010desnici Klavirskog neba) i u\u010dinili da se na genijalan na\u010din spoje sedamdesete i osamdesete sa XXI vekom. Ansambl je u isto vreme \u0161kola, orkestar, hipi [&hellip;]<\/p>\n","protected":false},"author":3,"featured_media":0,"parent":0,"menu_order":0,"comment_status":"closed","ping_status":"closed","template":"","meta":{"footnotes":""},"class_list":["post-40","page","type-page","status-publish","hentry"],"yoast_head":"<!-- This site is optimized with the Yoast SEO plugin v27.4 - https:\/\/yoast.com\/product\/yoast-seo-wordpress\/ -->\n<title>Kritike - Ansambl<\/title>\n<meta name=\"robots\" content=\"index, follow, max-snippet:-1, max-image-preview:large, max-video-preview:-1\" \/>\n<link rel=\"canonical\" href=\"https:\/\/adnmbg.com\/en\/kritike\/\" \/>\n<meta property=\"og:locale\" content=\"en_GB\" \/>\n<meta property=\"og:type\" content=\"article\" \/>\n<meta property=\"og:title\" content=\"Kritike - Ansambl\" \/>\n<meta property=\"og:description\" content=\"\u2026 Posle duge pauze vratili su se na scenu 2017. godine, priklju\u010dili mlade kompozitore i pijaniste da budu deo njihove ekipe (Andrej Negi\u0107 i Dimitrije Beljanski su \u010dlanovi Ansambla i u\u010desnici Klavirskog neba) i u\u010dinili da se na genijalan na\u010din spoje sedamdesete i osamdesete sa XXI vekom. Ansambl je u isto vreme \u0161kola, orkestar, hipi [&hellip;]\" \/>\n<meta property=\"og:url\" content=\"https:\/\/adnmbg.com\/en\/kritike\/\" \/>\n<meta property=\"og:site_name\" content=\"Ansambl\" \/>\n<meta property=\"article:modified_time\" content=\"2021-04-12T12:37:07+00:00\" \/>\n<meta property=\"og:image\" content=\"https:\/\/adnmbg.com\/wp-content\/uploads\/2021\/03\/slika-2.jpg\" \/>\n<meta name=\"twitter:card\" content=\"summary_large_image\" \/>\n<meta name=\"twitter:label1\" content=\"Estimated reading time\" \/>\n\t<meta name=\"twitter:data1\" content=\"3 minutes\" \/>\n<script type=\"application\/ld+json\" class=\"yoast-schema-graph\">{\"@context\":\"https:\\\/\\\/schema.org\",\"@graph\":[{\"@type\":\"WebPage\",\"@id\":\"https:\\\/\\\/adnmbg.com\\\/kritike\\\/\",\"url\":\"https:\\\/\\\/adnmbg.com\\\/kritike\\\/\",\"name\":\"Kritike - Ansambl\",\"isPartOf\":{\"@id\":\"https:\\\/\\\/adnmbg.com\\\/#website\"},\"primaryImageOfPage\":{\"@id\":\"https:\\\/\\\/adnmbg.com\\\/kritike\\\/#primaryimage\"},\"image\":{\"@id\":\"https:\\\/\\\/adnmbg.com\\\/kritike\\\/#primaryimage\"},\"thumbnailUrl\":\"https:\\\/\\\/adnmbg.com\\\/wp-content\\\/uploads\\\/2021\\\/03\\\/slika-2.jpg\",\"datePublished\":\"2021-03-04T11:18:26+00:00\",\"dateModified\":\"2021-04-12T12:37:07+00:00\",\"inLanguage\":\"en-GB\",\"potentialAction\":[{\"@type\":\"ReadAction\",\"target\":[\"https:\\\/\\\/adnmbg.com\\\/kritike\\\/\"]}]},{\"@type\":\"ImageObject\",\"inLanguage\":\"en-GB\",\"@id\":\"https:\\\/\\\/adnmbg.com\\\/kritike\\\/#primaryimage\",\"url\":\"https:\\\/\\\/adnmbg.com\\\/wp-content\\\/uploads\\\/2021\\\/03\\\/slika-2.jpg\",\"contentUrl\":\"https:\\\/\\\/adnmbg.com\\\/wp-content\\\/uploads\\\/2021\\\/03\\\/slika-2.jpg\"},{\"@type\":\"WebSite\",\"@id\":\"https:\\\/\\\/adnmbg.com\\\/#website\",\"url\":\"https:\\\/\\\/adnmbg.com\\\/\",\"name\":\"Ansambl\",\"description\":\"\",\"publisher\":{\"@id\":\"https:\\\/\\\/adnmbg.com\\\/#organization\"},\"potentialAction\":[{\"@type\":\"SearchAction\",\"target\":{\"@type\":\"EntryPoint\",\"urlTemplate\":\"https:\\\/\\\/adnmbg.com\\\/?s={search_term_string}\"},\"query-input\":{\"@type\":\"PropertyValueSpecification\",\"valueRequired\":true,\"valueName\":\"search_term_string\"}}],\"inLanguage\":\"en-GB\"},{\"@type\":\"Organization\",\"@id\":\"https:\\\/\\\/adnmbg.com\\\/#organization\",\"name\":\"Ansambl\",\"url\":\"https:\\\/\\\/adnmbg.com\\\/\",\"logo\":{\"@type\":\"ImageObject\",\"inLanguage\":\"en-GB\",\"@id\":\"https:\\\/\\\/adnmbg.com\\\/#\\\/schema\\\/logo\\\/image\\\/\",\"url\":\"https:\\\/\\\/adnmbg.com\\\/wp-content\\\/uploads\\\/2021\\\/02\\\/logo-okrugli.png\",\"contentUrl\":\"https:\\\/\\\/adnmbg.com\\\/wp-content\\\/uploads\\\/2021\\\/02\\\/logo-okrugli.png\",\"caption\":\"Ansambl\"},\"image\":{\"@id\":\"https:\\\/\\\/adnmbg.com\\\/#\\\/schema\\\/logo\\\/image\\\/\"}}]}<\/script>\n<!-- \/ Yoast SEO plugin. -->","yoast_head_json":{"title":"Reviews","robots":{"index":"index","follow":"follow","max-snippet":"max-snippet:-1","max-image-preview":"max-image-preview:large","max-video-preview":"max-video-preview:-1"},"canonical":"https:\/\/adnmbg.com\/en\/kritike\/","og_locale":"en_GB","og_type":"article","og_title":"Kritike - Ansambl","og_description":"\u2026 Posle duge pauze vratili su se na scenu 2017. godine, priklju\u010dili mlade kompozitore i pijaniste da budu deo njihove ekipe (Andrej Negi\u0107 i Dimitrije Beljanski su \u010dlanovi Ansambla i u\u010desnici Klavirskog neba) i u\u010dinili da se na genijalan na\u010din spoje sedamdesete i osamdesete sa XXI vekom. Ansambl je u isto vreme \u0161kola, orkestar, hipi [&hellip;]","og_url":"https:\/\/adnmbg.com\/en\/kritike\/","og_site_name":"Ansambl","article_modified_time":"2021-04-12T12:37:07+00:00","og_image":[{"url":"https:\/\/adnmbg.com\/wp-content\/uploads\/2021\/03\/slika-2.jpg","type":"","width":"","height":""}],"twitter_card":"summary_large_image","twitter_misc":{"Estimated reading time":"3 minutes"},"schema":{"@context":"https:\/\/schema.org","@graph":[{"@type":"WebPage","@id":"https:\/\/adnmbg.com\/kritike\/","url":"https:\/\/adnmbg.com\/kritike\/","name":"Reviews","isPartOf":{"@id":"https:\/\/adnmbg.com\/#website"},"primaryImageOfPage":{"@id":"https:\/\/adnmbg.com\/kritike\/#primaryimage"},"image":{"@id":"https:\/\/adnmbg.com\/kritike\/#primaryimage"},"thumbnailUrl":"https:\/\/adnmbg.com\/wp-content\/uploads\/2021\/03\/slika-2.jpg","datePublished":"2021-03-04T11:18:26+00:00","dateModified":"2021-04-12T12:37:07+00:00","inLanguage":"en-GB","potentialAction":[{"@type":"ReadAction","target":["https:\/\/adnmbg.com\/kritike\/"]}]},{"@type":"ImageObject","inLanguage":"en-GB","@id":"https:\/\/adnmbg.com\/kritike\/#primaryimage","url":"https:\/\/adnmbg.com\/wp-content\/uploads\/2021\/03\/slika-2.jpg","contentUrl":"https:\/\/adnmbg.com\/wp-content\/uploads\/2021\/03\/slika-2.jpg"},{"@type":"WebSite","@id":"https:\/\/adnmbg.com\/#website","url":"https:\/\/adnmbg.com\/","name":"Ensemble","description":"","publisher":{"@id":"https:\/\/adnmbg.com\/#organization"},"potentialAction":[{"@type":"SearchAction","target":{"@type":"EntryPoint","urlTemplate":"https:\/\/adnmbg.com\/?s={search_term_string}"},"query-input":{"@type":"PropertyValueSpecification","valueRequired":true,"valueName":"search_term_string"}}],"inLanguage":"en-GB"},{"@type":"Organization","@id":"https:\/\/adnmbg.com\/#organization","name":"Ensemble","url":"https:\/\/adnmbg.com\/","logo":{"@type":"ImageObject","inLanguage":"en-GB","@id":"https:\/\/adnmbg.com\/#\/schema\/logo\/image\/","url":"https:\/\/adnmbg.com\/wp-content\/uploads\/2021\/02\/logo-okrugli.png","contentUrl":"https:\/\/adnmbg.com\/wp-content\/uploads\/2021\/02\/logo-okrugli.png","caption":"Ansambl"},"image":{"@id":"https:\/\/adnmbg.com\/#\/schema\/logo\/image\/"}}]}},"_links":{"self":[{"href":"https:\/\/adnmbg.com\/en\/wp-json\/wp\/v2\/pages\/40","targetHints":{"allow":["GET"]}}],"collection":[{"href":"https:\/\/adnmbg.com\/en\/wp-json\/wp\/v2\/pages"}],"about":[{"href":"https:\/\/adnmbg.com\/en\/wp-json\/wp\/v2\/types\/page"}],"author":[{"embeddable":true,"href":"https:\/\/adnmbg.com\/en\/wp-json\/wp\/v2\/users\/3"}],"replies":[{"embeddable":true,"href":"https:\/\/adnmbg.com\/en\/wp-json\/wp\/v2\/comments?post=40"}],"version-history":[{"count":0,"href":"https:\/\/adnmbg.com\/en\/wp-json\/wp\/v2\/pages\/40\/revisions"}],"wp:attachment":[{"href":"https:\/\/adnmbg.com\/en\/wp-json\/wp\/v2\/media?parent=40"}],"curies":[{"name":"wp","href":"https:\/\/api.w.org\/{rel}","templated":true}]}}