{"id":34,"date":"2021-03-04T11:17:36","date_gmt":"2021-03-04T11:17:36","guid":{"rendered":"https:\/\/adnmbg.com\/?page_id=34"},"modified":"2024-08-28T19:33:28","modified_gmt":"2024-08-28T17:33:28","slug":"o-nama","status":"publish","type":"page","link":"https:\/\/adnmbg.com\/en\/about-us\/","title":{"rendered":"About us"},"content":{"rendered":"<div data-elementor-type=\"wp-page\" data-elementor-id=\"34\" class=\"elementor elementor-34\" data-elementor-post-type=\"page\">\n\t\t\t\t\t\t<section class=\"ob-is-breaking-bad elementor-section elementor-top-section elementor-element elementor-element-8c2a36d elementor-section-height-min-height elementor-section-boxed elementor-section-height-default elementor-section-items-middle\" data-id=\"8c2a36d\" data-element_type=\"section\" data-e-type=\"section\" data-settings=\"{&quot;background_background&quot;:&quot;classic&quot;,&quot;_ob_bbad_use_it&quot;:&quot;yes&quot;,&quot;_ob_bbad_sssic_use&quot;:&quot;no&quot;,&quot;_ob_glider_is_slider&quot;:&quot;no&quot;}\">\n\t\t\t\t\t\t<div class=\"elementor-container elementor-column-gap-default\">\n\t\t\t\t\t<div class=\"elementor-column elementor-col-100 elementor-top-column elementor-element elementor-element-c622a72\" data-id=\"c622a72\" data-element_type=\"column\" data-e-type=\"column\" data-settings=\"{&quot;_ob_bbad_is_stalker&quot;:&quot;no&quot;,&quot;_ob_teleporter_use&quot;:false,&quot;_ob_column_hoveranimator&quot;:&quot;no&quot;,&quot;_ob_column_has_pseudo&quot;:&quot;no&quot;}\">\n\t\t\t<div class=\"elementor-widget-wrap\">\n\t\t\t\t\t\t\t<\/div>\n\t\t<\/div>\n\t\t\t\t\t<\/div>\n\t\t<\/section>\n\t\t\t\t<section class=\"ob-is-breaking-bad elementor-section elementor-top-section elementor-element elementor-element-a0f21a4 elementor-section-boxed elementor-section-height-default elementor-section-height-default\" data-id=\"a0f21a4\" data-element_type=\"section\" data-e-type=\"section\" data-settings=\"{&quot;_ob_bbad_use_it&quot;:&quot;yes&quot;,&quot;_ob_bbad_sssic_use&quot;:&quot;no&quot;,&quot;_ob_glider_is_slider&quot;:&quot;no&quot;}\">\n\t\t\t\t\t\t<div class=\"elementor-container elementor-column-gap-default\">\n\t\t\t\t\t<div class=\"elementor-column elementor-col-100 elementor-top-column elementor-element elementor-element-a1d60fa\" data-id=\"a1d60fa\" data-element_type=\"column\" data-e-type=\"column\" data-settings=\"{&quot;_ob_bbad_is_stalker&quot;:&quot;no&quot;,&quot;_ob_teleporter_use&quot;:false,&quot;_ob_column_hoveranimator&quot;:&quot;no&quot;,&quot;_ob_column_has_pseudo&quot;:&quot;no&quot;}\">\n\t\t\t<div class=\"elementor-widget-wrap elementor-element-populated\">\n\t\t\t\t\t\t<div class=\"elementor-element elementor-element-05054d9 ob-harakiri-inherit ob-has-background-overlay elementor-widget elementor-widget-text-editor\" data-id=\"05054d9\" data-element_type=\"widget\" data-e-type=\"widget\" data-settings=\"{&quot;_ob_use_harakiri&quot;:&quot;yes&quot;,&quot;_ob_harakiri_writing_mode&quot;:&quot;inherit&quot;,&quot;_ob_postman_use&quot;:&quot;no&quot;,&quot;_ob_perspektive_use&quot;:&quot;no&quot;,&quot;_ob_poopart_use&quot;:&quot;yes&quot;,&quot;_ob_shadough_use&quot;:&quot;no&quot;,&quot;_ob_allow_hoveranimator&quot;:&quot;no&quot;,&quot;_ob_widget_stalker_use&quot;:&quot;no&quot;}\" data-widget_type=\"text-editor.default\">\n\t\t\t\t<div class=\"elementor-widget-container\">\n\t\t\t\t\t\t\t\t\t<p>Branka Parlic has performed my piano works for many years and has brought back to life works that I had set aside, which was not for any artistic reason, just for the fact that the nature of my own ensemble moved away from a keyboard orientation to one featuring strings. <br \/>She has been in touch many times over the years, and I have heard her play some of my solo music very beautifully in London.<\/p><p><strong>Ensemble for Different New Music<\/strong> mnogo je ambiciozniji projekat koji uklju\u010duje vi\u0161e klavijatura \u2013 \u017eanr koji volim vi\u0161e od 40 godina. Bio sam odu\u0161evljen \u0161to sam im se nedavno mogao pridru\u017eiti na njihovom koncertu u Liverpulu gde sam \u010duo izvedbe velike prefinjenosti, istinske muzikalnosti i predanosti. Njihovo sviranje imalo je neobi\u010dan spoj preciznosti i topline i pokazalo je potpuno pronicanje u dela koja su izvodile.<\/p><p>I am happy to give this recommendation to whoever may need it. I can\u2019t overstate my admiration for what they do.<\/p><p><em>Gavin Bryars<\/em> <br \/>Billesdon December 25, 2023<\/p>\t\t\t\t\t\t\t\t<\/div>\n\t\t\t\t<\/div>\n\t\t\t\t\t<\/div>\n\t\t<\/div>\n\t\t\t\t\t<\/div>\n\t\t<\/section>\n\t\t\t\t<section class=\"ob-is-breaking-bad elementor-section elementor-top-section elementor-element elementor-element-aa62de4 elementor-section-boxed elementor-section-height-default elementor-section-height-default\" data-id=\"aa62de4\" data-element_type=\"section\" data-e-type=\"section\" data-settings=\"{&quot;_ob_bbad_use_it&quot;:&quot;yes&quot;,&quot;_ob_bbad_sssic_use&quot;:&quot;no&quot;,&quot;_ob_glider_is_slider&quot;:&quot;no&quot;}\">\n\t\t\t\t\t\t<div class=\"elementor-container elementor-column-gap-default\">\n\t\t\t\t\t<div class=\"elementor-column elementor-col-100 elementor-top-column elementor-element elementor-element-99eb9f0\" data-id=\"99eb9f0\" data-element_type=\"column\" data-e-type=\"column\" data-settings=\"{&quot;_ob_bbad_is_stalker&quot;:&quot;no&quot;,&quot;_ob_teleporter_use&quot;:false,&quot;_ob_column_hoveranimator&quot;:&quot;no&quot;,&quot;_ob_column_has_pseudo&quot;:&quot;no&quot;}\">\n\t\t\t<div class=\"elementor-widget-wrap elementor-element-populated\">\n\t\t\t\t\t\t<div class=\"elementor-element elementor-element-a0efd03 ob-harakiri-inherit ob-has-background-overlay elementor-widget elementor-widget-heading\" data-id=\"a0efd03\" data-element_type=\"widget\" data-e-type=\"widget\" data-settings=\"{&quot;_ob_use_harakiri&quot;:&quot;yes&quot;,&quot;_ob_harakiri_writing_mode&quot;:&quot;inherit&quot;,&quot;_ob_harakiri_text_clip&quot;:&quot;none&quot;,&quot;_ob_perspektive_use&quot;:&quot;no&quot;,&quot;_ob_poopart_use&quot;:&quot;yes&quot;,&quot;_ob_shadough_use&quot;:&quot;no&quot;,&quot;_ob_allow_hoveranimator&quot;:&quot;no&quot;,&quot;_ob_widget_stalker_use&quot;:&quot;no&quot;}\" data-widget_type=\"heading.default\">\n\t\t\t\t<div class=\"elementor-widget-container\">\n\t\t\t\t\t<h2 class=\"elementor-heading-title elementor-size-default\">About us<\/h2>\t\t\t\t<\/div>\n\t\t\t\t<\/div>\n\t\t\t\t<div class=\"elementor-element elementor-element-6f47002 ob-harakiri-inherit ob-has-background-overlay elementor-widget elementor-widget-text-editor\" data-id=\"6f47002\" data-element_type=\"widget\" data-e-type=\"widget\" data-settings=\"{&quot;_ob_use_harakiri&quot;:&quot;yes&quot;,&quot;_ob_harakiri_writing_mode&quot;:&quot;inherit&quot;,&quot;_ob_postman_use&quot;:&quot;no&quot;,&quot;_ob_perspektive_use&quot;:&quot;no&quot;,&quot;_ob_poopart_use&quot;:&quot;yes&quot;,&quot;_ob_shadough_use&quot;:&quot;no&quot;,&quot;_ob_allow_hoveranimator&quot;:&quot;no&quot;,&quot;_ob_widget_stalker_use&quot;:&quot;no&quot;}\" data-widget_type=\"text-editor.default\">\n\t\t\t\t<div class=\"elementor-widget-container\">\n\t\t\t\t\t\t\t\t\t<p><strong>Ensemble for Different New Music<\/strong> (ADNM) is a multi-keyboard ensemble founded in 1977 in Belgrade\/Serbia. Created by Miroslav Mi\u0161a Savi\u0107, Milo\u0161 Rai\u010dkovi\u0107, Milimir Dra\u0161kovi\u0107, Lazarov Miodrag Pashu and Vladimir To\u0161i\u0107 - a group of strong-minded young composers who were not interested in following their older colleagues' steps, this ensemble has from its very beginning attracted attention as a collective of composers and pianists dedicated to minimalism, post minimalism and performance art. \nAfter the initial concert held at Student's Cultural Center in Belgrade in 1977, ADNM has performed in numerous festivals in former Yugoslavia, (e.g. Music Biennale in Zagreb, Contemporary Music Festival in Opatia\/Croatia, BITEF in Belgrade) as well as in Graz (Austria), Essen and Frankfurt (Germany), Trieste (Italy) and Budapest (Hungary). During the 70's the ensemble recorded various programs for radio and television, and has in 1981 recorded what is regarded a milestone LP record, featuring pieces by Robert Moran and Milimir Dra\u0161kovi\u0107.<br \/><br \/><\/p>\t\t\t\t\t\t\t\t<\/div>\n\t\t\t\t<\/div>\n\t\t\t\t<div class=\"elementor-element elementor-element-e0a564c ob-has-background-overlay elementor-widget elementor-widget-image\" data-id=\"e0a564c\" data-element_type=\"widget\" data-e-type=\"widget\" data-settings=\"{&quot;_ob_photomorph_use&quot;:&quot;no&quot;,&quot;_ob_perspektive_use&quot;:&quot;no&quot;,&quot;_ob_poopart_use&quot;:&quot;yes&quot;,&quot;_ob_shadough_use&quot;:&quot;no&quot;,&quot;_ob_allow_hoveranimator&quot;:&quot;no&quot;,&quot;_ob_widget_stalker_use&quot;:&quot;no&quot;}\" data-widget_type=\"image.default\">\n\t\t\t\t<div class=\"elementor-widget-container\">\n\t\t\t\t\t\t\t\t\t\t\t\t\t\t\t<img fetchpriority=\"high\" decoding=\"async\" width=\"800\" height=\"450\" src=\"https:\/\/adnmbg.com\/wp-content\/uploads\/2021\/03\/Webp.net-resizeimage.jpg\" class=\"attachment-full size-full wp-image-474\" alt=\"\" srcset=\"https:\/\/adnmbg.com\/wp-content\/uploads\/2021\/03\/Webp.net-resizeimage.jpg 800w, https:\/\/adnmbg.com\/wp-content\/uploads\/2021\/03\/Webp.net-resizeimage-300x169.jpg 300w, https:\/\/adnmbg.com\/wp-content\/uploads\/2021\/03\/Webp.net-resizeimage-768x432.jpg 768w\" sizes=\"(max-width: 800px) 100vw, 800px\" \/>\t\t\t\t\t\t\t\t\t\t\t\t\t\t\t<\/div>\n\t\t\t\t<\/div>\n\t\t\t\t<div class=\"elementor-element elementor-element-20151e3 ob-harakiri-inherit ob-has-background-overlay elementor-widget elementor-widget-text-editor\" data-id=\"20151e3\" data-element_type=\"widget\" data-e-type=\"widget\" data-settings=\"{&quot;_ob_use_harakiri&quot;:&quot;yes&quot;,&quot;_ob_harakiri_writing_mode&quot;:&quot;inherit&quot;,&quot;_ob_postman_use&quot;:&quot;no&quot;,&quot;_ob_perspektive_use&quot;:&quot;no&quot;,&quot;_ob_poopart_use&quot;:&quot;yes&quot;,&quot;_ob_shadough_use&quot;:&quot;no&quot;,&quot;_ob_allow_hoveranimator&quot;:&quot;no&quot;,&quot;_ob_widget_stalker_use&quot;:&quot;no&quot;}\" data-widget_type=\"text-editor.default\">\n\t\t\t\t<div class=\"elementor-widget-container\">\n\t\t\t\t\t\t\t\t\t<p>Among many performers that have taken part in ADNM concerts and\/or recording sessions are: Nada Kolund\u017eija, Miroslav Mi\u0161a Savi\u0107, Dragoljub Ilke Ili\u0107, Slobodan Todorovi\u0107, Branka Parli\u0107, Lidija Stankovi\u0107, Ksenija Ze\u010devi\u0107\u2020, Miodrag Lazarov Pashu, Vladimir To\u0161i\u0107, Milimir Dra\u0161kovi\u0107\u2020, Neboj\u0161a Brajovi\u0107 (Moris Witt), Paul Pignon, Olgica Anti\u0107\u2020, An\u0111elka (Marjanovi\u0107) \u0110or\u0111evi\u0107\u2020, Aleksandar Damnjanovi\u0107, Dubravka Kova\u010devi\u0107, Milo\u0161 Petrovi\u0107\u2020, Istra Pe\u010dvari, Mila Lackovi\u0107\u2020, Dragana Kosi\u0107, Marjan \u0160ijanec, Rade Bulatovi\u0107, Nenad Jeli\u0107, Tatjana \u0160urev, Miroslav Karlovi\u0107, \u0110or\u0111e Gavrilovi\u0107, Veljko Nikoli\u0107\u2020, Tatjana Tasi\u0107, Borislav Pavi\u0107evi\u0107, Margita Stefanovi\u0107\u2020, Nata\u0161a Bogojevi\u0107, Branka \u017diravac, Isidora \u017debeljan\u2020, Jovana \u0110or\u0111evi\u0107, Katarina Radovanovi\u0107 i Milo\u0161 Rai\u010dkovi\u0107. Today Ensemble for Different New Music connects several of its oldest members with a new generation of pianists and composers. It includes soloists, composers, curators and educators: Nada Kolund\u017eija, Branka Parli\u0107, Miroslav Mi\u0161a Savi\u0107, Dragoljub Ilke Ili\u0107, Lidija Stankovi\u0107, Nata\u0161a Penezi\u0107, Milena Petrovi\u0107 and Andrej Negi\u0107.<\/p>\t\t\t\t\t\t\t\t<\/div>\n\t\t\t\t<\/div>\n\t\t\t\t<div class=\"elementor-element elementor-element-77d57a6 ob-has-background-overlay elementor-widget elementor-widget-image\" data-id=\"77d57a6\" data-element_type=\"widget\" data-e-type=\"widget\" data-settings=\"{&quot;_ob_photomorph_use&quot;:&quot;no&quot;,&quot;_ob_perspektive_use&quot;:&quot;no&quot;,&quot;_ob_poopart_use&quot;:&quot;yes&quot;,&quot;_ob_shadough_use&quot;:&quot;no&quot;,&quot;_ob_allow_hoveranimator&quot;:&quot;no&quot;,&quot;_ob_widget_stalker_use&quot;:&quot;no&quot;}\" data-widget_type=\"image.default\">\n\t\t\t\t<div class=\"elementor-widget-container\">\n\t\t\t\t\t\t\t\t\t\t\t\t\t\t\t<img decoding=\"async\" width=\"1600\" height=\"1200\" src=\"https:\/\/adnmbg.com\/wp-content\/uploads\/2023\/04\/Kolarac-2021.jpg\" class=\"attachment-full size-full wp-image-1659\" alt=\"\" srcset=\"https:\/\/adnmbg.com\/wp-content\/uploads\/2023\/04\/Kolarac-2021.jpg 1600w, https:\/\/adnmbg.com\/wp-content\/uploads\/2023\/04\/Kolarac-2021-300x225.jpg 300w, https:\/\/adnmbg.com\/wp-content\/uploads\/2023\/04\/Kolarac-2021-1024x768.jpg 1024w, https:\/\/adnmbg.com\/wp-content\/uploads\/2023\/04\/Kolarac-2021-768x576.jpg 768w, https:\/\/adnmbg.com\/wp-content\/uploads\/2023\/04\/Kolarac-2021-1536x1152.jpg 1536w, https:\/\/adnmbg.com\/wp-content\/uploads\/2023\/04\/Kolarac-2021-16x12.jpg 16w\" sizes=\"(max-width: 1600px) 100vw, 1600px\" \/>\t\t\t\t\t\t\t\t\t\t\t\t\t\t\t<\/div>\n\t\t\t\t<\/div>\n\t\t\t\t<div class=\"elementor-element elementor-element-f2361ff ob-harakiri-inherit ob-has-background-overlay elementor-widget elementor-widget-text-editor\" data-id=\"f2361ff\" data-element_type=\"widget\" data-e-type=\"widget\" data-settings=\"{&quot;_ob_use_harakiri&quot;:&quot;yes&quot;,&quot;_ob_harakiri_writing_mode&quot;:&quot;inherit&quot;,&quot;_ob_postman_use&quot;:&quot;no&quot;,&quot;_ob_perspektive_use&quot;:&quot;no&quot;,&quot;_ob_poopart_use&quot;:&quot;yes&quot;,&quot;_ob_shadough_use&quot;:&quot;no&quot;,&quot;_ob_allow_hoveranimator&quot;:&quot;no&quot;,&quot;_ob_widget_stalker_use&quot;:&quot;no&quot;}\" data-widget_type=\"text-editor.default\">\n\t\t\t\t<div class=\"elementor-widget-container\">\n\t\t\t\t\t\t\t\t\t<p class=\"translation-block\">After a long break, ADNM came together in 2017 with a comeback concert marking its 40th birthday, and a beginning of a new chapter. Very active on stages in Serbia, ADNM has played many concerts since 2018 (Belgrade, Novi Sad, Ni\u0161, Kragujevac, Kanji\u017ea, Aran\u0111elovac). Ensemble also made special appearances at the International minimal music festival in Kassel in 2019. and Summer in Izola festival in 2021. ADNM has released a CD ABC for ADNM featuring Serbian composers, funded by the Organization of Music Authors of Serbia (SOKOJ) with the POP Depression label <a href=\"http:\/\/www.popdepression.com\/\">www.popdepression.com<\/a>. This release was awarded the best classical music album of 2021 by magazine Muzika klasika and can be found on SoundCloud, Spotify, Deezer, Tidal and Apple Music.<\/p><p><a href=\"https:\/\/open.spotify.com\/album\/57pygSEhwTGD6x4ad4huKA\" target=\"_blank\" rel=\"noopener\">https:\/\/open.spotify.com\/album\/57pygSEhwTGD6x4ad4huKA<\/a><br \/><a href=\"https:\/\/www.deezer.com\/album\/296210052\" target=\"_blank\" rel=\"noopener\">https:\/\/www.deezer.com\/album\/296210052<\/a><br \/><a href=\"https:\/\/listen.tidal.com\/album\/216995109\" target=\"_blank\" rel=\"noopener\">https:\/\/listen.tidal.com\/album\/216995109<\/a><\/p><p>In 2023, his second CD titled \"Ovo nije Op.1\" is released with works by Andrej Negi\u0107, Dragoljub Ili\u0107 Ilke, Miroslav Mi\u0161a Savi\u0107, Pavel Karmanov, Uli Goethe and Neil Campbell, also published by POP Depression. This album, like the previous one, received the award of the magazine Muzika klasika for the best album of the year and immediately after that the prestigious world award, the silver medal Best Music Award.<\/p>\t\t\t\t\t\t\t\t<\/div>\n\t\t\t\t<\/div>\n\t\t\t\t\t<\/div>\n\t\t<\/div>\n\t\t\t\t\t<\/div>\n\t\t<\/section>\n\t\t\t\t<\/div>","protected":false},"excerpt":{"rendered":"<p>Branka Parli\u0107 godinama je izvodila moja klavirska dela i o\u017eivela ona koja sam ostavio po strani, ne iz umetni\u010dkih razloga, ve\u0107 samo zbog \u010dinjenice da se priroda mog vlastitog ansambla odmakla od klavijaturne orijentacije ka \u017ei\u010danim instrumentima. Bili smo u kontaktu mnogo puta tokom godina i slu\u0161ao sam njeno divno izvo\u0111enje moje kompozicije u Londonu. [&hellip;]<\/p>\n","protected":false},"author":3,"featured_media":0,"parent":0,"menu_order":0,"comment_status":"closed","ping_status":"closed","template":"","meta":{"footnotes":""},"class_list":["post-34","page","type-page","status-publish","hentry"],"yoast_head":"<!-- This site is optimized with the Yoast SEO plugin v27.4 - https:\/\/yoast.com\/product\/yoast-seo-wordpress\/ -->\n<title>O nama - Ansambl<\/title>\n<meta name=\"robots\" content=\"index, follow, max-snippet:-1, max-image-preview:large, max-video-preview:-1\" \/>\n<link rel=\"canonical\" href=\"https:\/\/adnmbg.com\/en\/o-nama\/\" \/>\n<meta property=\"og:locale\" content=\"en_GB\" \/>\n<meta property=\"og:type\" content=\"article\" \/>\n<meta property=\"og:title\" content=\"O nama - Ansambl\" \/>\n<meta property=\"og:description\" content=\"Branka Parli\u0107 godinama je izvodila moja klavirska dela i o\u017eivela ona koja sam ostavio po strani, ne iz umetni\u010dkih razloga, ve\u0107 samo zbog \u010dinjenice da se priroda mog vlastitog ansambla odmakla od klavijaturne orijentacije ka \u017ei\u010danim instrumentima. Bili smo u kontaktu mnogo puta tokom godina i slu\u0161ao sam njeno divno izvo\u0111enje moje kompozicije u Londonu. [&hellip;]\" \/>\n<meta property=\"og:url\" content=\"https:\/\/adnmbg.com\/en\/o-nama\/\" \/>\n<meta property=\"og:site_name\" content=\"Ansambl\" \/>\n<meta property=\"article:modified_time\" content=\"2024-08-28T17:33:28+00:00\" \/>\n<meta property=\"og:image\" content=\"https:\/\/adnmbg.com\/wp-content\/uploads\/2021\/03\/Webp.net-resizeimage.jpg\" \/>\n<meta name=\"twitter:card\" content=\"summary_large_image\" \/>\n<meta name=\"twitter:label1\" content=\"Estimated reading time\" \/>\n\t<meta name=\"twitter:data1\" content=\"5 minutes\" \/>\n<script type=\"application\/ld+json\" class=\"yoast-schema-graph\">{\"@context\":\"https:\\\/\\\/schema.org\",\"@graph\":[{\"@type\":\"WebPage\",\"@id\":\"https:\\\/\\\/adnmbg.com\\\/o-nama\\\/\",\"url\":\"https:\\\/\\\/adnmbg.com\\\/o-nama\\\/\",\"name\":\"O nama - Ansambl\",\"isPartOf\":{\"@id\":\"https:\\\/\\\/adnmbg.com\\\/#website\"},\"primaryImageOfPage\":{\"@id\":\"https:\\\/\\\/adnmbg.com\\\/o-nama\\\/#primaryimage\"},\"image\":{\"@id\":\"https:\\\/\\\/adnmbg.com\\\/o-nama\\\/#primaryimage\"},\"thumbnailUrl\":\"https:\\\/\\\/adnmbg.com\\\/wp-content\\\/uploads\\\/2021\\\/03\\\/Webp.net-resizeimage.jpg\",\"datePublished\":\"2021-03-04T11:17:36+00:00\",\"dateModified\":\"2024-08-28T17:33:28+00:00\",\"inLanguage\":\"en-GB\",\"potentialAction\":[{\"@type\":\"ReadAction\",\"target\":[\"https:\\\/\\\/adnmbg.com\\\/o-nama\\\/\"]}]},{\"@type\":\"ImageObject\",\"inLanguage\":\"en-GB\",\"@id\":\"https:\\\/\\\/adnmbg.com\\\/o-nama\\\/#primaryimage\",\"url\":\"https:\\\/\\\/adnmbg.com\\\/wp-content\\\/uploads\\\/2021\\\/03\\\/Webp.net-resizeimage.jpg\",\"contentUrl\":\"https:\\\/\\\/adnmbg.com\\\/wp-content\\\/uploads\\\/2021\\\/03\\\/Webp.net-resizeimage.jpg\"},{\"@type\":\"WebSite\",\"@id\":\"https:\\\/\\\/adnmbg.com\\\/#website\",\"url\":\"https:\\\/\\\/adnmbg.com\\\/\",\"name\":\"Ansambl\",\"description\":\"\",\"publisher\":{\"@id\":\"https:\\\/\\\/adnmbg.com\\\/#organization\"},\"potentialAction\":[{\"@type\":\"SearchAction\",\"target\":{\"@type\":\"EntryPoint\",\"urlTemplate\":\"https:\\\/\\\/adnmbg.com\\\/?s={search_term_string}\"},\"query-input\":{\"@type\":\"PropertyValueSpecification\",\"valueRequired\":true,\"valueName\":\"search_term_string\"}}],\"inLanguage\":\"en-GB\"},{\"@type\":\"Organization\",\"@id\":\"https:\\\/\\\/adnmbg.com\\\/#organization\",\"name\":\"Ansambl\",\"url\":\"https:\\\/\\\/adnmbg.com\\\/\",\"logo\":{\"@type\":\"ImageObject\",\"inLanguage\":\"en-GB\",\"@id\":\"https:\\\/\\\/adnmbg.com\\\/#\\\/schema\\\/logo\\\/image\\\/\",\"url\":\"https:\\\/\\\/adnmbg.com\\\/wp-content\\\/uploads\\\/2021\\\/02\\\/logo-okrugli.png\",\"contentUrl\":\"https:\\\/\\\/adnmbg.com\\\/wp-content\\\/uploads\\\/2021\\\/02\\\/logo-okrugli.png\",\"caption\":\"Ansambl\"},\"image\":{\"@id\":\"https:\\\/\\\/adnmbg.com\\\/#\\\/schema\\\/logo\\\/image\\\/\"}}]}<\/script>\n<!-- \/ Yoast SEO plugin. -->","yoast_head_json":{"title":"About Us","robots":{"index":"index","follow":"follow","max-snippet":"max-snippet:-1","max-image-preview":"max-image-preview:large","max-video-preview":"max-video-preview:-1"},"canonical":"https:\/\/adnmbg.com\/en\/o-nama\/","og_locale":"en_GB","og_type":"article","og_title":"O nama - Ansambl","og_description":"Branka Parli\u0107 godinama je izvodila moja klavirska dela i o\u017eivela ona koja sam ostavio po strani, ne iz umetni\u010dkih razloga, ve\u0107 samo zbog \u010dinjenice da se priroda mog vlastitog ansambla odmakla od klavijaturne orijentacije ka \u017ei\u010danim instrumentima. Bili smo u kontaktu mnogo puta tokom godina i slu\u0161ao sam njeno divno izvo\u0111enje moje kompozicije u Londonu. [&hellip;]","og_url":"https:\/\/adnmbg.com\/en\/o-nama\/","og_site_name":"Ansambl","article_modified_time":"2024-08-28T17:33:28+00:00","og_image":[{"url":"https:\/\/adnmbg.com\/wp-content\/uploads\/2021\/03\/Webp.net-resizeimage.jpg","type":"","width":"","height":""}],"twitter_card":"summary_large_image","twitter_misc":{"Estimated reading time":"5 minutes"},"schema":{"@context":"https:\/\/schema.org","@graph":[{"@type":"WebPage","@id":"https:\/\/adnmbg.com\/o-nama\/","url":"https:\/\/adnmbg.com\/o-nama\/","name":"About Us","isPartOf":{"@id":"https:\/\/adnmbg.com\/#website"},"primaryImageOfPage":{"@id":"https:\/\/adnmbg.com\/o-nama\/#primaryimage"},"image":{"@id":"https:\/\/adnmbg.com\/o-nama\/#primaryimage"},"thumbnailUrl":"https:\/\/adnmbg.com\/wp-content\/uploads\/2021\/03\/Webp.net-resizeimage.jpg","datePublished":"2021-03-04T11:17:36+00:00","dateModified":"2024-08-28T17:33:28+00:00","inLanguage":"en-GB","potentialAction":[{"@type":"ReadAction","target":["https:\/\/adnmbg.com\/o-nama\/"]}]},{"@type":"ImageObject","inLanguage":"en-GB","@id":"https:\/\/adnmbg.com\/o-nama\/#primaryimage","url":"https:\/\/adnmbg.com\/wp-content\/uploads\/2021\/03\/Webp.net-resizeimage.jpg","contentUrl":"https:\/\/adnmbg.com\/wp-content\/uploads\/2021\/03\/Webp.net-resizeimage.jpg"},{"@type":"WebSite","@id":"https:\/\/adnmbg.com\/#website","url":"https:\/\/adnmbg.com\/","name":"Ensemble","description":"","publisher":{"@id":"https:\/\/adnmbg.com\/#organization"},"potentialAction":[{"@type":"SearchAction","target":{"@type":"EntryPoint","urlTemplate":"https:\/\/adnmbg.com\/?s={search_term_string}"},"query-input":{"@type":"PropertyValueSpecification","valueRequired":true,"valueName":"search_term_string"}}],"inLanguage":"en-GB"},{"@type":"Organization","@id":"https:\/\/adnmbg.com\/#organization","name":"Ensemble","url":"https:\/\/adnmbg.com\/","logo":{"@type":"ImageObject","inLanguage":"en-GB","@id":"https:\/\/adnmbg.com\/#\/schema\/logo\/image\/","url":"https:\/\/adnmbg.com\/wp-content\/uploads\/2021\/02\/logo-okrugli.png","contentUrl":"https:\/\/adnmbg.com\/wp-content\/uploads\/2021\/02\/logo-okrugli.png","caption":"Ansambl"},"image":{"@id":"https:\/\/adnmbg.com\/#\/schema\/logo\/image\/"}}]}},"_links":{"self":[{"href":"https:\/\/adnmbg.com\/en\/wp-json\/wp\/v2\/pages\/34","targetHints":{"allow":["GET"]}}],"collection":[{"href":"https:\/\/adnmbg.com\/en\/wp-json\/wp\/v2\/pages"}],"about":[{"href":"https:\/\/adnmbg.com\/en\/wp-json\/wp\/v2\/types\/page"}],"author":[{"embeddable":true,"href":"https:\/\/adnmbg.com\/en\/wp-json\/wp\/v2\/users\/3"}],"replies":[{"embeddable":true,"href":"https:\/\/adnmbg.com\/en\/wp-json\/wp\/v2\/comments?post=34"}],"version-history":[{"count":0,"href":"https:\/\/adnmbg.com\/en\/wp-json\/wp\/v2\/pages\/34\/revisions"}],"wp:attachment":[{"href":"https:\/\/adnmbg.com\/en\/wp-json\/wp\/v2\/media?parent=34"}],"curies":[{"name":"wp","href":"https:\/\/api.w.org\/{rel}","templated":true}]}}